{"id":1289,"date":"2025-04-05T05:45:25","date_gmt":"2025-04-05T05:45:25","guid":{"rendered":"https:\/\/getclarity.now\/membership-login\/membership-profile\/"},"modified":"2026-02-05T12:37:54","modified_gmt":"2026-02-05T19:37:54","slug":"membership-profile","status":"publish","type":"page","link":"https:\/\/getclarity.now\/es\/sign-in-listening-post\/membership-profile\/","title":{"rendered":""},"content":{"rendered":"<div class=\"wpb-content-wrapper\"><div class=\"vc_row wpb_row vc_row-fluid\"><div class=\"wpb_column vc_column_container vc_col-sm-12\"><div class=\"vc_column-inner\"><div class=\"wpb_wrapper\">\n\t<div class=\"wpb_text_column wpb_content_element\" >\n\t\t<div class=\"wpb_wrapper\">\n\t\t\t<div class=\"wp-block-uagb-container uagb-block-14232c51 alignwide uagb-is-root-container\">\n<h2 class=\"wp-block-heading has-text-align-center\">\ud83d\udc64 Actualiza tu perfil<\/h2>\n<p class=\"has-text-align-center\">Aqu\u00ed puedes cambiar tu nombre, direcci\u00f3n de correo electr\u00f3nico o contrase\u00f1a.<\/p>\n<p style=\"text-align: center;\"><div class=\"swpm_profile_not_logged_in_msg\">Usted no se ha identificado.<\/div>\n<\/div>\n<p><!-- \/wp:post-content --><\/p>\n\n\t\t<\/div>\n\t<\/div>\n<\/div><\/div><\/div><\/div><\/div>","protected":false},"excerpt":{"rendered":"\ud83d\udc64 Update Your Profile You can change your name, email address, or password here. Usted no se ha identificado.","protected":false},"author":2,"featured_media":0,"parent":1288,"menu_order":0,"comment_status":"closed","ping_status":"closed","template":"","meta":{"footnotes":""},"class_list":["post-1289","page","type-page","status-publish"],"yoast_head":"<!-- This site is optimized with the Yoast SEO plugin v27.5 - https:\/\/yoast.com\/product\/yoast-seo-wordpress\/ -->\n<title>Update Your Profile | GetClarity Account Settings<\/title>\n<meta name=\"description\" content=\"Update your GetClarity profile details, including your name and email address. Your information is secure, and your conversations remain completely private.\" \/>\n<meta name=\"robots\" content=\"noindex, follow\" \/>\n<meta property=\"og:locale\" content=\"es_MX\" \/>\n<meta property=\"og:type\" content=\"article\" \/>\n<meta property=\"og:title\" content=\"Update Your Profile | GetClarity Account Settings\" \/>\n<meta property=\"og:description\" content=\"Update your GetClarity profile details, including your name and email address. Your information is secure, and your conversations remain completely private.\" \/>\n<meta property=\"og:url\" content=\"https:\/\/getclarity.now\/es\/sign-in-listening-post\/membership-profile\/\" \/>\n<meta property=\"og:site_name\" content=\"Get Clarity\" \/>\n<meta property=\"article:modified_time\" content=\"2026-02-05T19:37:54+00:00\" \/>\n<meta name=\"twitter:card\" content=\"summary_large_image\" \/>\n<meta name=\"twitter:label1\" content=\"Tiempo de lectura\" \/>\n\t<meta name=\"twitter:data1\" content=\"1 minuto\" \/>\n<script type=\"application\/ld+json\" class=\"yoast-schema-graph\">{\"@context\":\"https:\\\/\\\/schema.org\",\"@graph\":[{\"@type\":\"WebPage\",\"@id\":\"https:\\\/\\\/getclarity.now\\\/sign-in-listening-post\\\/membership-profile\\\/\",\"url\":\"https:\\\/\\\/getclarity.now\\\/sign-in-listening-post\\\/membership-profile\\\/\",\"name\":\"Update Your Profile | GetClarity Account Settings\",\"isPartOf\":{\"@id\":\"https:\\\/\\\/getclarity.now\\\/#website\"},\"datePublished\":\"2025-04-05T05:45:25+00:00\",\"dateModified\":\"2026-02-05T19:37:54+00:00\",\"description\":\"Update your GetClarity profile details, including your name and email address. Your information is secure, and your conversations remain completely private.\",\"breadcrumb\":{\"@id\":\"https:\\\/\\\/getclarity.now\\\/sign-in-listening-post\\\/membership-profile\\\/#breadcrumb\"},\"inLanguage\":\"es\",\"potentialAction\":[{\"@type\":\"ReadAction\",\"target\":[\"https:\\\/\\\/getclarity.now\\\/sign-in-listening-post\\\/membership-profile\\\/\"]}]},{\"@type\":\"BreadcrumbList\",\"@id\":\"https:\\\/\\\/getclarity.now\\\/sign-in-listening-post\\\/membership-profile\\\/#breadcrumb\",\"itemListElement\":[{\"@type\":\"ListItem\",\"position\":1,\"name\":\"Home\",\"item\":\"https:\\\/\\\/getclarity.now\\\/\"},{\"@type\":\"ListItem\",\"position\":2,\"name\":\"Profile\"}]},{\"@type\":\"WebSite\",\"@id\":\"https:\\\/\\\/getclarity.now\\\/#website\",\"url\":\"https:\\\/\\\/getclarity.now\\\/\",\"name\":\"Get Clarity\",\"description\":\"A quiet, private place to think, feel, and find clarity.\",\"publisher\":{\"@id\":\"https:\\\/\\\/getclarity.now\\\/#organization\"},\"potentialAction\":[{\"@type\":\"SearchAction\",\"target\":{\"@type\":\"EntryPoint\",\"urlTemplate\":\"https:\\\/\\\/getclarity.now\\\/?s={search_term_string}\"},\"query-input\":{\"@type\":\"PropertyValueSpecification\",\"valueRequired\":true,\"valueName\":\"search_term_string\"}}],\"inLanguage\":\"es\"},{\"@type\":\"Organization\",\"@id\":\"https:\\\/\\\/getclarity.now\\\/#organization\",\"name\":\"Get Clarity\",\"url\":\"https:\\\/\\\/getclarity.now\\\/\",\"logo\":{\"@type\":\"ImageObject\",\"inLanguage\":\"es\",\"@id\":\"https:\\\/\\\/getclarity.now\\\/#\\\/schema\\\/logo\\\/image\\\/\",\"url\":\"https:\\\/\\\/getclarity.now\\\/wp-content\\\/uploads\\\/2025\\\/04\\\/cropped-cropped-Clarity-transparent.png\",\"contentUrl\":\"https:\\\/\\\/getclarity.now\\\/wp-content\\\/uploads\\\/2025\\\/04\\\/cropped-cropped-Clarity-transparent.png\",\"width\":512,\"height\":512,\"caption\":\"Get Clarity\"},\"image\":{\"@id\":\"https:\\\/\\\/getclarity.now\\\/#\\\/schema\\\/logo\\\/image\\\/\"}}]}<\/script>\n<!-- \/ Yoast SEO plugin. -->","yoast_head_json":{"title":"Update Your Profile | GetClarity Account Settings","description":"Update your GetClarity profile details, including your name and email address. Your information is secure, and your conversations remain completely private.","robots":{"index":"noindex","follow":"follow"},"og_locale":"es_MX","og_type":"article","og_title":"Update Your Profile | GetClarity Account Settings","og_description":"Update your GetClarity profile details, including your name and email address. Your information is secure, and your conversations remain completely private.","og_url":"https:\/\/getclarity.now\/es\/sign-in-listening-post\/membership-profile\/","og_site_name":"Get Clarity","article_modified_time":"2026-02-05T19:37:54+00:00","twitter_card":"summary_large_image","twitter_misc":{"Tiempo de lectura":"1 minuto"},"schema":{"@context":"https:\/\/schema.org","@graph":[{"@type":"WebPage","@id":"https:\/\/getclarity.now\/sign-in-listening-post\/membership-profile\/","url":"https:\/\/getclarity.now\/sign-in-listening-post\/membership-profile\/","name":"Update Your Profile | GetClarity Account Settings","isPartOf":{"@id":"https:\/\/getclarity.now\/#website"},"datePublished":"2025-04-05T05:45:25+00:00","dateModified":"2026-02-05T19:37:54+00:00","description":"Update your GetClarity profile details, including your name and email address. Your information is secure, and your conversations remain completely private.","breadcrumb":{"@id":"https:\/\/getclarity.now\/sign-in-listening-post\/membership-profile\/#breadcrumb"},"inLanguage":"es","potentialAction":[{"@type":"ReadAction","target":["https:\/\/getclarity.now\/sign-in-listening-post\/membership-profile\/"]}]},{"@type":"BreadcrumbList","@id":"https:\/\/getclarity.now\/sign-in-listening-post\/membership-profile\/#breadcrumb","itemListElement":[{"@type":"ListItem","position":1,"name":"Home","item":"https:\/\/getclarity.now\/"},{"@type":"ListItem","position":2,"name":"Profile"}]},{"@type":"WebSite","@id":"https:\/\/getclarity.now\/#website","url":"https:\/\/getclarity.now\/","name":"Get Clarity","description":"A quiet, private place to think, feel, and find clarity.","publisher":{"@id":"https:\/\/getclarity.now\/#organization"},"potentialAction":[{"@type":"SearchAction","target":{"@type":"EntryPoint","urlTemplate":"https:\/\/getclarity.now\/?s={search_term_string}"},"query-input":{"@type":"PropertyValueSpecification","valueRequired":true,"valueName":"search_term_string"}}],"inLanguage":"es"},{"@type":"Organization","@id":"https:\/\/getclarity.now\/#organization","name":"Get Clarity","url":"https:\/\/getclarity.now\/","logo":{"@type":"ImageObject","inLanguage":"es","@id":"https:\/\/getclarity.now\/#\/schema\/logo\/image\/","url":"https:\/\/getclarity.now\/wp-content\/uploads\/2025\/04\/cropped-cropped-Clarity-transparent.png","contentUrl":"https:\/\/getclarity.now\/wp-content\/uploads\/2025\/04\/cropped-cropped-Clarity-transparent.png","width":512,"height":512,"caption":"Get Clarity"},"image":{"@id":"https:\/\/getclarity.now\/#\/schema\/logo\/image\/"}}]}},"_links":{"self":[{"href":"https:\/\/getclarity.now\/es\/wp-json\/wp\/v2\/pages\/1289","targetHints":{"allow":["GET"]}}],"collection":[{"href":"https:\/\/getclarity.now\/es\/wp-json\/wp\/v2\/pages"}],"about":[{"href":"https:\/\/getclarity.now\/es\/wp-json\/wp\/v2\/types\/page"}],"author":[{"embeddable":true,"href":"https:\/\/getclarity.now\/es\/wp-json\/wp\/v2\/users\/2"}],"replies":[{"embeddable":true,"href":"https:\/\/getclarity.now\/es\/wp-json\/wp\/v2\/comments?post=1289"}],"version-history":[{"count":10,"href":"https:\/\/getclarity.now\/es\/wp-json\/wp\/v2\/pages\/1289\/revisions"}],"predecessor-version":[{"id":4048,"href":"https:\/\/getclarity.now\/es\/wp-json\/wp\/v2\/pages\/1289\/revisions\/4048"}],"up":[{"embeddable":true,"href":"https:\/\/getclarity.now\/es\/wp-json\/wp\/v2\/pages\/1288"}],"wp:attachment":[{"href":"https:\/\/getclarity.now\/es\/wp-json\/wp\/v2\/media?parent=1289"}],"curies":[{"name":"wp","href":"https:\/\/api.w.org\/{rel}","templated":true}]}}